{"id":7,"date":"2020-08-29T20:29:49","date_gmt":"2020-08-29T20:29:49","guid":{"rendered":"https:\/\/reisen.einfach24.com\/?page_id=7"},"modified":"2020-08-29T20:29:49","modified_gmt":"2020-08-29T20:29:49","slug":"startseite","status":"publish","type":"page","link":"https:\/\/reisen.einfach24.com\/index.php\/startseite\/","title":{"rendered":"Startseite"},"content":{"rendered":"<div class=\"col-md-5\">\n<h3>\u00dcber Hestia<\/h3>\n<p>Du brauchst mehr Details? Bitte schau dir unsere vollst\u00e4ndige Dokumentation mit detaillierten Informationen \u00fcber die Nutzung von Hestia an.<\/p><\/div>\n<div class=\"col-md-6 col-md-offset-1\"><img decoding=\"async\" class=\"size-medium alignright\" src=\"https:\/\/reisen.einfach24.com\/wp-content\/themes\/hestia\/assets\/img\/about-content.png\"\/><\/div>\n","protected":false},"excerpt":{"rendered":"<p>\u00dcber Hestia Du brauchst mehr Details? Bitte schau dir unsere vollst\u00e4ndige Dokumentation mit detaillierten Informationen \u00fcber die Nutzung von Hestia an.<\/p>\n","protected":false},"author":1,"featured_media":6,"parent":0,"menu_order":0,"comment_status":"closed","ping_status":"closed","template":"","meta":{"neve_meta_sidebar":"","neve_meta_container":"","neve_meta_enable_content_width":"","neve_meta_content_width":0,"neve_meta_title_alignment":"","neve_meta_author_avatar":"","neve_post_elements_order":"","neve_meta_disable_header":"","neve_meta_disable_footer":"","neve_meta_disable_title":"","footnotes":""},"class_list":["post-7","page","type-page","status-publish","has-post-thumbnail","hentry"],"yoast_head":"<!-- This site is optimized with the Yoast SEO plugin v27.4 - https:\/\/yoast.com\/product\/yoast-seo-wordpress\/ -->\n<title>Startseite - Herz an Herz<\/title>\n<meta name=\"robots\" content=\"noindex, follow, max-snippet:-1, max-image-preview:large, max-video-preview:-1\" \/>\n<meta property=\"og:locale\" content=\"de_DE\" \/>\n<meta property=\"og:type\" content=\"article\" \/>\n<meta property=\"og:title\" content=\"Startseite - Herz an Herz\" \/>\n<meta property=\"og:description\" content=\"\u00dcber Hestia Du brauchst mehr Details? Bitte schau dir unsere vollst\u00e4ndige Dokumentation mit detaillierten Informationen \u00fcber die Nutzung von Hestia an.\" \/>\n<meta property=\"og:url\" content=\"https:\/\/reisen.einfach24.com\/index.php\/startseite\/\" \/>\n<meta property=\"og:site_name\" content=\"Herz an Herz\" \/>\n<meta property=\"og:image\" content=\"https:\/\/reisen.einfach24.com\/wp-content\/uploads\/2020\/08\/contact.jpg\" \/>\n\t<meta property=\"og:image:width\" content=\"1024\" \/>\n\t<meta property=\"og:image:height\" content=\"683\" \/>\n\t<meta property=\"og:image:type\" content=\"image\/jpeg\" \/>\n<meta name=\"twitter:card\" content=\"summary_large_image\" \/>\n<script type=\"application\/ld+json\" class=\"yoast-schema-graph\">{\"@context\":\"https:\\\/\\\/schema.org\",\"@graph\":[{\"@type\":\"WebPage\",\"@id\":\"https:\\\/\\\/reisen.einfach24.com\\\/index.php\\\/startseite\\\/\",\"url\":\"https:\\\/\\\/reisen.einfach24.com\\\/index.php\\\/startseite\\\/\",\"name\":\"Startseite - Herz an Herz\",\"isPartOf\":{\"@id\":\"https:\\\/\\\/reisen.einfach24.com\\\/#website\"},\"primaryImageOfPage\":{\"@id\":\"https:\\\/\\\/reisen.einfach24.com\\\/index.php\\\/startseite\\\/#primaryimage\"},\"image\":{\"@id\":\"https:\\\/\\\/reisen.einfach24.com\\\/index.php\\\/startseite\\\/#primaryimage\"},\"thumbnailUrl\":\"https:\\\/\\\/reisen.einfach24.com\\\/wp-content\\\/uploads\\\/2020\\\/08\\\/contact.jpg\",\"datePublished\":\"2020-08-29T20:29:49+00:00\",\"breadcrumb\":{\"@id\":\"https:\\\/\\\/reisen.einfach24.com\\\/index.php\\\/startseite\\\/#breadcrumb\"},\"inLanguage\":\"de\",\"potentialAction\":[{\"@type\":\"ReadAction\",\"target\":[\"https:\\\/\\\/reisen.einfach24.com\\\/index.php\\\/startseite\\\/\"]}]},{\"@type\":\"ImageObject\",\"inLanguage\":\"de\",\"@id\":\"https:\\\/\\\/reisen.einfach24.com\\\/index.php\\\/startseite\\\/#primaryimage\",\"url\":\"https:\\\/\\\/reisen.einfach24.com\\\/wp-content\\\/uploads\\\/2020\\\/08\\\/contact.jpg\",\"contentUrl\":\"https:\\\/\\\/reisen.einfach24.com\\\/wp-content\\\/uploads\\\/2020\\\/08\\\/contact.jpg\",\"width\":1024,\"height\":683},{\"@type\":\"BreadcrumbList\",\"@id\":\"https:\\\/\\\/reisen.einfach24.com\\\/index.php\\\/startseite\\\/#breadcrumb\",\"itemListElement\":[{\"@type\":\"ListItem\",\"position\":1,\"name\":\"Home\",\"item\":\"https:\\\/\\\/reisen.einfach24.com\\\/\"},{\"@type\":\"ListItem\",\"position\":2,\"name\":\"Startseite\"}]},{\"@type\":\"WebSite\",\"@id\":\"https:\\\/\\\/reisen.einfach24.com\\\/#website\",\"url\":\"https:\\\/\\\/reisen.einfach24.com\\\/\",\"name\":\"Herz an Herz\",\"description\":\"Housis Reiseblog\",\"potentialAction\":[{\"@type\":\"SearchAction\",\"target\":{\"@type\":\"EntryPoint\",\"urlTemplate\":\"https:\\\/\\\/reisen.einfach24.com\\\/?s={search_term_string}\"},\"query-input\":{\"@type\":\"PropertyValueSpecification\",\"valueRequired\":true,\"valueName\":\"search_term_string\"}}],\"inLanguage\":\"de\"}]}<\/script>\n<!-- \/ Yoast SEO plugin. -->","yoast_head_json":{"title":"Startseite - Herz an Herz","robots":{"index":"noindex","follow":"follow","max-snippet":"max-snippet:-1","max-image-preview":"max-image-preview:large","max-video-preview":"max-video-preview:-1"},"og_locale":"de_DE","og_type":"article","og_title":"Startseite - Herz an Herz","og_description":"\u00dcber Hestia Du brauchst mehr Details? Bitte schau dir unsere vollst\u00e4ndige Dokumentation mit detaillierten Informationen \u00fcber die Nutzung von Hestia an.","og_url":"https:\/\/reisen.einfach24.com\/index.php\/startseite\/","og_site_name":"Herz an Herz","og_image":[{"width":1024,"height":683,"url":"https:\/\/reisen.einfach24.com\/wp-content\/uploads\/2020\/08\/contact.jpg","type":"image\/jpeg"}],"twitter_card":"summary_large_image","schema":{"@context":"https:\/\/schema.org","@graph":[{"@type":"WebPage","@id":"https:\/\/reisen.einfach24.com\/index.php\/startseite\/","url":"https:\/\/reisen.einfach24.com\/index.php\/startseite\/","name":"Startseite - Herz an Herz","isPartOf":{"@id":"https:\/\/reisen.einfach24.com\/#website"},"primaryImageOfPage":{"@id":"https:\/\/reisen.einfach24.com\/index.php\/startseite\/#primaryimage"},"image":{"@id":"https:\/\/reisen.einfach24.com\/index.php\/startseite\/#primaryimage"},"thumbnailUrl":"https:\/\/reisen.einfach24.com\/wp-content\/uploads\/2020\/08\/contact.jpg","datePublished":"2020-08-29T20:29:49+00:00","breadcrumb":{"@id":"https:\/\/reisen.einfach24.com\/index.php\/startseite\/#breadcrumb"},"inLanguage":"de","potentialAction":[{"@type":"ReadAction","target":["https:\/\/reisen.einfach24.com\/index.php\/startseite\/"]}]},{"@type":"ImageObject","inLanguage":"de","@id":"https:\/\/reisen.einfach24.com\/index.php\/startseite\/#primaryimage","url":"https:\/\/reisen.einfach24.com\/wp-content\/uploads\/2020\/08\/contact.jpg","contentUrl":"https:\/\/reisen.einfach24.com\/wp-content\/uploads\/2020\/08\/contact.jpg","width":1024,"height":683},{"@type":"BreadcrumbList","@id":"https:\/\/reisen.einfach24.com\/index.php\/startseite\/#breadcrumb","itemListElement":[{"@type":"ListItem","position":1,"name":"Home","item":"https:\/\/reisen.einfach24.com\/"},{"@type":"ListItem","position":2,"name":"Startseite"}]},{"@type":"WebSite","@id":"https:\/\/reisen.einfach24.com\/#website","url":"https:\/\/reisen.einfach24.com\/","name":"Herz an Herz","description":"Housis Reiseblog","potentialAction":[{"@type":"SearchAction","target":{"@type":"EntryPoint","urlTemplate":"https:\/\/reisen.einfach24.com\/?s={search_term_string}"},"query-input":{"@type":"PropertyValueSpecification","valueRequired":true,"valueName":"search_term_string"}}],"inLanguage":"de"}]}},"_links":{"self":[{"href":"https:\/\/reisen.einfach24.com\/index.php\/wp-json\/wp\/v2\/pages\/7","targetHints":{"allow":["GET"]}}],"collection":[{"href":"https:\/\/reisen.einfach24.com\/index.php\/wp-json\/wp\/v2\/pages"}],"about":[{"href":"https:\/\/reisen.einfach24.com\/index.php\/wp-json\/wp\/v2\/types\/page"}],"author":[{"embeddable":true,"href":"https:\/\/reisen.einfach24.com\/index.php\/wp-json\/wp\/v2\/users\/1"}],"replies":[{"embeddable":true,"href":"https:\/\/reisen.einfach24.com\/index.php\/wp-json\/wp\/v2\/comments?post=7"}],"version-history":[{"count":1,"href":"https:\/\/reisen.einfach24.com\/index.php\/wp-json\/wp\/v2\/pages\/7\/revisions"}],"predecessor-version":[{"id":10,"href":"https:\/\/reisen.einfach24.com\/index.php\/wp-json\/wp\/v2\/pages\/7\/revisions\/10"}],"wp:featuredmedia":[{"embeddable":true,"href":"https:\/\/reisen.einfach24.com\/index.php\/wp-json\/wp\/v2\/media\/6"}],"wp:attachment":[{"href":"https:\/\/reisen.einfach24.com\/index.php\/wp-json\/wp\/v2\/media?parent=7"}],"curies":[{"name":"wp","href":"https:\/\/api.w.org\/{rel}","templated":true}]}}